{"id":7962,"date":"2023-10-23T13:42:44","date_gmt":"2023-10-23T11:42:44","guid":{"rendered":"https:\/\/architectural-lighting.eu\/produit\/ipcon-l5s\/"},"modified":"2024-10-07T09:48:15","modified_gmt":"2024-10-07T07:48:15","slug":"ipcon-l5s","status":"publish","type":"product","link":"https:\/\/architectural-lighting.eu\/en\/produit\/ipcon-l5s\/","title":{"rendered":"IpCon-L5S"},"content":{"rendered":"","protected":false},"excerpt":{"rendered":"<p>2 connecteurs IP68. Large. 5 pins \u00e0 visser pour c\u00e2ble de 4 \u00e0 14 mm<\/p>\n","protected":false},"featured_media":0,"template":"","meta":{"_gspb_post_css":""},"product_brand":[],"product_cat":[23],"product_tag":[],"class_list":{"0":"post-7962","1":"product","2":"type-product","3":"status-publish","5":"product_cat-non-classe","7":"first","8":"instock","9":"shipping-taxable","10":"product-type-simple"},"_links":{"self":[{"href":"https:\/\/architectural-lighting.eu\/en\/wp-json\/wp\/v2\/product\/7962","targetHints":{"allow":["GET"]}}],"collection":[{"href":"https:\/\/architectural-lighting.eu\/en\/wp-json\/wp\/v2\/product"}],"about":[{"href":"https:\/\/architectural-lighting.eu\/en\/wp-json\/wp\/v2\/types\/product"}],"wp:attachment":[{"href":"https:\/\/architectural-lighting.eu\/en\/wp-json\/wp\/v2\/media?parent=7962"}],"wp:term":[{"taxonomy":"product_brand","embeddable":true,"href":"https:\/\/architectural-lighting.eu\/en\/wp-json\/wp\/v2\/product_brand?post=7962"},{"taxonomy":"product_cat","embeddable":true,"href":"https:\/\/architectural-lighting.eu\/en\/wp-json\/wp\/v2\/product_cat?post=7962"},{"taxonomy":"product_tag","embeddable":true,"href":"https:\/\/architectural-lighting.eu\/en\/wp-json\/wp\/v2\/product_tag?post=7962"}],"curies":[{"name":"wp","href":"https:\/\/api.w.org\/{rel}","templated":true}]}}