{"id":7976,"date":"2023-10-23T13:42:47","date_gmt":"2023-10-23T11:42:47","guid":{"rendered":"https:\/\/architectural-lighting.eu\/produit\/ipring-m611\/"},"modified":"2024-10-07T09:47:53","modified_gmt":"2024-10-07T07:47:53","slug":"ipring-m611","status":"publish","type":"product","link":"https:\/\/architectural-lighting.eu\/en\/produit\/ipring-m611\/","title":{"rendered":"IpRing-M611"},"content":{"rendered":"","protected":false},"excerpt":{"rendered":"<p>10 joints presse \u00e9toupe M20. C\u00e2ble de 6 \u00e0 11 mm<\/p>\n","protected":false},"featured_media":0,"template":"","meta":{"_gspb_post_css":""},"product_brand":[],"product_cat":[23],"product_tag":[],"class_list":{"0":"post-7976","1":"product","2":"type-product","3":"status-publish","5":"product_cat-non-classe","7":"first","8":"instock","9":"shipping-taxable","10":"product-type-simple"},"_links":{"self":[{"href":"https:\/\/architectural-lighting.eu\/en\/wp-json\/wp\/v2\/product\/7976","targetHints":{"allow":["GET"]}}],"collection":[{"href":"https:\/\/architectural-lighting.eu\/en\/wp-json\/wp\/v2\/product"}],"about":[{"href":"https:\/\/architectural-lighting.eu\/en\/wp-json\/wp\/v2\/types\/product"}],"wp:attachment":[{"href":"https:\/\/architectural-lighting.eu\/en\/wp-json\/wp\/v2\/media?parent=7976"}],"wp:term":[{"taxonomy":"product_brand","embeddable":true,"href":"https:\/\/architectural-lighting.eu\/en\/wp-json\/wp\/v2\/product_brand?post=7976"},{"taxonomy":"product_cat","embeddable":true,"href":"https:\/\/architectural-lighting.eu\/en\/wp-json\/wp\/v2\/product_cat?post=7976"},{"taxonomy":"product_tag","embeddable":true,"href":"https:\/\/architectural-lighting.eu\/en\/wp-json\/wp\/v2\/product_tag?post=7976"}],"curies":[{"name":"wp","href":"https:\/\/api.w.org\/{rel}","templated":true}]}}